{"id":117,"date":"2024-09-20T17:10:46","date_gmt":"2024-09-20T15:10:46","guid":{"rendered":"http:\/\/www.huilerie-artois.fr\/?page_id=117"},"modified":"2024-10-02T22:17:31","modified_gmt":"2024-10-02T20:17:31","slug":"mentions-legales","status":"publish","type":"page","link":"https:\/\/www.huilerie-artois.fr\/index.php\/mentions-legales\/","title":{"rendered":"Mentions l\u00e9gales"},"content":{"rendered":"\t\t<div data-elementor-type=\"wp-page\" data-elementor-id=\"117\" class=\"elementor elementor-117\">\n\t\t\t\t<div class=\"elementor-element elementor-element-ac1960c e-flex e-con-boxed e-con e-parent\" data-id=\"ac1960c\" data-element_type=\"container\">\n\t\t\t\t\t<div class=\"e-con-inner\">\n\t\t\t\t<div class=\"elementor-element elementor-element-027870b elementor-widget elementor-widget-text-editor\" data-id=\"027870b\" data-element_type=\"widget\" data-widget_type=\"text-editor.default\">\n\t\t\t\t<div class=\"elementor-widget-container\">\n\t\t\t<style>\/*! elementor - v3.23.0 - 05-08-2024 *\/\n.elementor-widget-text-editor.elementor-drop-cap-view-stacked .elementor-drop-cap{background-color:#69727d;color:#fff}.elementor-widget-text-editor.elementor-drop-cap-view-framed .elementor-drop-cap{color:#69727d;border:3px solid;background-color:transparent}.elementor-widget-text-editor:not(.elementor-drop-cap-view-default) .elementor-drop-cap{margin-top:8px}.elementor-widget-text-editor:not(.elementor-drop-cap-view-default) .elementor-drop-cap-letter{width:1em;height:1em}.elementor-widget-text-editor .elementor-drop-cap{float:left;text-align:center;line-height:1;font-size:50px}.elementor-widget-text-editor .elementor-drop-cap-letter{display:inline-block}<\/style>\t\t\t\t<p>Conform\u00e9ment aux dispositions de la loi n\u00b0 2004-575 du 21 juin 2004 pour la confiance en l\u2019\u00e9conomie num\u00e9rique, il est pr\u00e9cis\u00e9 aux utilisateurs du site https:\/\/huilerie-artois.fr l\u2019identit\u00e9 des diff\u00e9rents intervenants dans le cadre de sa r\u00e9alisation et de son suivi.<\/p>\n<p><\/p>\n<h1>Edition du site<\/h1>\n<p>Le site huilerie-artois.fr est \u00e9dit\u00e9 par la soci\u00e9t\u00e9 SARL HUILERIE d&#8217;ARTOIS au capital de 30 000 euros, dont le si\u00e8ge social est situ\u00e9 au 60 RUE DU CANADA 62580 NEUVILLE SAINT VAAST, immatricul\u00e9e au registre du commerce et des soci\u00e9t\u00e9s&nbsp;<span style=\"font-family: var( --e-global-typography-text-font-family ), Sans-serif; text-align: var(--text-align); letter-spacing: 0em;\">d&#8217;Arras<\/span><span style=\"font-family: var( --e-global-typography-text-font-family ), Sans-serif; text-align: var(--text-align); letter-spacing: 0em;\">&nbsp;sous le num\u00e9ro d\u2019identification unique 911619963<\/span><span style=\"font-family: var( --e-global-typography-text-font-family ), Sans-serif; text-align: var(--text-align); letter-spacing: 0em;\">.<\/span><\/p>\n<p><\/p>\n<h1>Responsable de publication<\/h1>\n<p>DEFIVE THOMAS, contact@huilerie-artois.fr<\/p>\n<p><\/p>\n<h1>H\u00e9bergeur<\/h1>\n<p>Le site htpps:\/\/huilerie-artois.fr est h\u00e9berg\u00e9 par la soci\u00e9t\u00e9 OVH, situ\u00e9 2 rue Kellermann 59100 Roubaix. France.<\/p>\n<p>Le stockage des donn\u00e9es personnelles des Utilisateurs est exclusivement r\u00e9alis\u00e9 sur les centre de donn\u00e9es (\u00ab clusters \u00bb) localis\u00e9s dans des Etats membres de l\u2019Union Europ\u00e9enne de la soci\u00e9t\u00e9 OVH.<\/p>\n<p><\/p><h1><span style=\"margin: 0px; padding: 0px; border: 0px; outline: 0px; font-size: 22px; vertical-align: baseline; background-image: none; background-position: 0% 0%; background-size: auto; background-repeat: repeat; background-attachment: scroll; background-origin: padding-box; background-clip: border-box; color: #333333;\">Propri\u00e9t\u00e9<\/span><\/h1>\n<p>L\u2019ensemble de ce site rel\u00e8ve des l\u00e9gislations fran\u00e7aises et internationales sur le droit d\u2019auteur et la propri\u00e9t\u00e9 intellectuelle. Tous les droits de reproduction sont r\u00e9serv\u00e9s, y compris pour les documents iconographiques et photographiques.au&nbsp;<\/p>\t\t\t\t\t\t<\/div>\n\t\t\t\t<\/div>\n\t\t\t\t\t<\/div>\n\t\t\t\t<\/div>\n\t\t\t\t<\/div>\n\t\t","protected":false},"excerpt":{"rendered":"<p>Conform\u00e9ment aux dispositions de la loi n\u00b0 2004-575 du 21 juin 2004 pour la confiance en l\u2019\u00e9conomie num\u00e9rique, il est pr\u00e9cis\u00e9 aux utilisateurs du site https:\/\/huilerie-artois.fr l\u2019identit\u00e9 des diff\u00e9rents intervenants dans le cadre de sa r\u00e9alisation et de son suivi. Edition du site Le site huilerie-artois.fr est \u00e9dit\u00e9 par la soci\u00e9t\u00e9 SARL HUILERIE d&#8217;ARTOIS au &hellip; <\/p>\n<p class=\"link-more\"><a href=\"https:\/\/www.huilerie-artois.fr\/index.php\/mentions-legales\/\" class=\"more-link\">Continue reading<span class=\"screen-reader-text\"> &#8220;Mentions l\u00e9gales&#8221;<\/span><\/a><\/p>\n","protected":false},"author":1,"featured_media":0,"parent":0,"menu_order":0,"comment_status":"closed","ping_status":"closed","template":"","meta":{"footnotes":""},"class_list":["post-117","page","type-page","status-publish","hentry"],"yoast_head":"<!-- This site is optimized with the Yoast SEO plugin v23.5 - https:\/\/yoast.com\/wordpress\/plugins\/seo\/ -->\n<title>Mentions l\u00e9gales - Huilerie d&#039;Artois<\/title>\n<meta name=\"robots\" content=\"index, follow, max-snippet:-1, max-image-preview:large, max-video-preview:-1\" \/>\n<link rel=\"canonical\" href=\"https:\/\/www.huilerie-artois.fr\/index.php\/mentions-legales\/\" \/>\n<meta property=\"og:locale\" content=\"en_US\" \/>\n<meta property=\"og:type\" content=\"article\" \/>\n<meta property=\"og:title\" content=\"Mentions l\u00e9gales - Huilerie d&#039;Artois\" \/>\n<meta property=\"og:description\" content=\"Conform\u00e9ment aux dispositions de la loi n\u00b0 2004-575 du 21 juin 2004 pour la confiance en l\u2019\u00e9conomie num\u00e9rique, il est pr\u00e9cis\u00e9 aux utilisateurs du site https:\/\/huilerie-artois.fr l\u2019identit\u00e9 des diff\u00e9rents intervenants dans le cadre de sa r\u00e9alisation et de son suivi. Edition du site Le site huilerie-artois.fr est \u00e9dit\u00e9 par la soci\u00e9t\u00e9 SARL HUILERIE d&#8217;ARTOIS au &hellip; Continue reading &quot;Mentions l\u00e9gales&quot;\" \/>\n<meta property=\"og:url\" content=\"https:\/\/www.huilerie-artois.fr\/index.php\/mentions-legales\/\" \/>\n<meta property=\"og:site_name\" content=\"Huilerie d&#039;Artois\" \/>\n<meta property=\"article:publisher\" content=\"https:\/\/www.facebook.com\/HuilerieArtois\" \/>\n<meta property=\"article:modified_time\" content=\"2024-10-02T20:17:31+00:00\" \/>\n<meta name=\"twitter:card\" content=\"summary_large_image\" \/>\n<meta name=\"twitter:label1\" content=\"Est. reading time\" \/>\n\t<meta name=\"twitter:data1\" content=\"1 minute\" \/>\n<script type=\"application\/ld+json\" class=\"yoast-schema-graph\">{\"@context\":\"https:\/\/schema.org\",\"@graph\":[{\"@type\":\"WebPage\",\"@id\":\"https:\/\/www.huilerie-artois.fr\/index.php\/mentions-legales\/\",\"url\":\"https:\/\/www.huilerie-artois.fr\/index.php\/mentions-legales\/\",\"name\":\"Mentions l\u00e9gales - Huilerie d&#039;Artois\",\"isPartOf\":{\"@id\":\"https:\/\/www.huilerie-artois.fr\/#website\"},\"datePublished\":\"2024-09-20T15:10:46+00:00\",\"dateModified\":\"2024-10-02T20:17:31+00:00\",\"breadcrumb\":{\"@id\":\"https:\/\/www.huilerie-artois.fr\/index.php\/mentions-legales\/#breadcrumb\"},\"inLanguage\":\"en-US\",\"potentialAction\":[{\"@type\":\"ReadAction\",\"target\":[\"https:\/\/www.huilerie-artois.fr\/index.php\/mentions-legales\/\"]}]},{\"@type\":\"BreadcrumbList\",\"@id\":\"https:\/\/www.huilerie-artois.fr\/index.php\/mentions-legales\/#breadcrumb\",\"itemListElement\":[{\"@type\":\"ListItem\",\"position\":1,\"name\":\"Accueil\",\"item\":\"https:\/\/www.huilerie-artois.fr\/\"},{\"@type\":\"ListItem\",\"position\":2,\"name\":\"Mentions l\u00e9gales\"}]},{\"@type\":\"WebSite\",\"@id\":\"https:\/\/www.huilerie-artois.fr\/#website\",\"url\":\"https:\/\/www.huilerie-artois.fr\/\",\"name\":\"Huilerie d'Artois\",\"description\":\"Artisan du go\u00fbt\",\"publisher\":{\"@id\":\"https:\/\/www.huilerie-artois.fr\/#organization\"},\"potentialAction\":[{\"@type\":\"SearchAction\",\"target\":{\"@type\":\"EntryPoint\",\"urlTemplate\":\"https:\/\/www.huilerie-artois.fr\/?s={search_term_string}\"},\"query-input\":{\"@type\":\"PropertyValueSpecification\",\"valueRequired\":true,\"valueName\":\"search_term_string\"}}],\"inLanguage\":\"en-US\"},{\"@type\":\"Organization\",\"@id\":\"https:\/\/www.huilerie-artois.fr\/#organization\",\"name\":\"Huilerie d'Artois\",\"url\":\"https:\/\/www.huilerie-artois.fr\/\",\"logo\":{\"@type\":\"ImageObject\",\"inLanguage\":\"en-US\",\"@id\":\"https:\/\/www.huilerie-artois.fr\/#\/schema\/logo\/image\/\",\"url\":\"https:\/\/www.huilerie-artois.fr\/wp-content\/uploads\/2024\/08\/cropped-logo-huilerie.png\",\"contentUrl\":\"https:\/\/www.huilerie-artois.fr\/wp-content\/uploads\/2024\/08\/cropped-logo-huilerie.png\",\"width\":260,\"height\":250,\"caption\":\"Huilerie d'Artois\"},\"image\":{\"@id\":\"https:\/\/www.huilerie-artois.fr\/#\/schema\/logo\/image\/\"},\"sameAs\":[\"https:\/\/www.facebook.com\/HuilerieArtois\",\"https:\/\/www.instagram.com\/huilerie_artois\/\"]}]}<\/script>\n<!-- \/ Yoast SEO plugin. -->","yoast_head_json":{"title":"Mentions l\u00e9gales - Huilerie d&#039;Artois","robots":{"index":"index","follow":"follow","max-snippet":"max-snippet:-1","max-image-preview":"max-image-preview:large","max-video-preview":"max-video-preview:-1"},"canonical":"https:\/\/www.huilerie-artois.fr\/index.php\/mentions-legales\/","og_locale":"en_US","og_type":"article","og_title":"Mentions l\u00e9gales - Huilerie d&#039;Artois","og_description":"Conform\u00e9ment aux dispositions de la loi n\u00b0 2004-575 du 21 juin 2004 pour la confiance en l\u2019\u00e9conomie num\u00e9rique, il est pr\u00e9cis\u00e9 aux utilisateurs du site https:\/\/huilerie-artois.fr l\u2019identit\u00e9 des diff\u00e9rents intervenants dans le cadre de sa r\u00e9alisation et de son suivi. Edition du site Le site huilerie-artois.fr est \u00e9dit\u00e9 par la soci\u00e9t\u00e9 SARL HUILERIE d&#8217;ARTOIS au &hellip; Continue reading \"Mentions l\u00e9gales\"","og_url":"https:\/\/www.huilerie-artois.fr\/index.php\/mentions-legales\/","og_site_name":"Huilerie d&#039;Artois","article_publisher":"https:\/\/www.facebook.com\/HuilerieArtois","article_modified_time":"2024-10-02T20:17:31+00:00","twitter_card":"summary_large_image","twitter_misc":{"Est. reading time":"1 minute"},"schema":{"@context":"https:\/\/schema.org","@graph":[{"@type":"WebPage","@id":"https:\/\/www.huilerie-artois.fr\/index.php\/mentions-legales\/","url":"https:\/\/www.huilerie-artois.fr\/index.php\/mentions-legales\/","name":"Mentions l\u00e9gales - Huilerie d&#039;Artois","isPartOf":{"@id":"https:\/\/www.huilerie-artois.fr\/#website"},"datePublished":"2024-09-20T15:10:46+00:00","dateModified":"2024-10-02T20:17:31+00:00","breadcrumb":{"@id":"https:\/\/www.huilerie-artois.fr\/index.php\/mentions-legales\/#breadcrumb"},"inLanguage":"en-US","potentialAction":[{"@type":"ReadAction","target":["https:\/\/www.huilerie-artois.fr\/index.php\/mentions-legales\/"]}]},{"@type":"BreadcrumbList","@id":"https:\/\/www.huilerie-artois.fr\/index.php\/mentions-legales\/#breadcrumb","itemListElement":[{"@type":"ListItem","position":1,"name":"Accueil","item":"https:\/\/www.huilerie-artois.fr\/"},{"@type":"ListItem","position":2,"name":"Mentions l\u00e9gales"}]},{"@type":"WebSite","@id":"https:\/\/www.huilerie-artois.fr\/#website","url":"https:\/\/www.huilerie-artois.fr\/","name":"Huilerie d'Artois","description":"Artisan du go\u00fbt","publisher":{"@id":"https:\/\/www.huilerie-artois.fr\/#organization"},"potentialAction":[{"@type":"SearchAction","target":{"@type":"EntryPoint","urlTemplate":"https:\/\/www.huilerie-artois.fr\/?s={search_term_string}"},"query-input":{"@type":"PropertyValueSpecification","valueRequired":true,"valueName":"search_term_string"}}],"inLanguage":"en-US"},{"@type":"Organization","@id":"https:\/\/www.huilerie-artois.fr\/#organization","name":"Huilerie d'Artois","url":"https:\/\/www.huilerie-artois.fr\/","logo":{"@type":"ImageObject","inLanguage":"en-US","@id":"https:\/\/www.huilerie-artois.fr\/#\/schema\/logo\/image\/","url":"https:\/\/www.huilerie-artois.fr\/wp-content\/uploads\/2024\/08\/cropped-logo-huilerie.png","contentUrl":"https:\/\/www.huilerie-artois.fr\/wp-content\/uploads\/2024\/08\/cropped-logo-huilerie.png","width":260,"height":250,"caption":"Huilerie d'Artois"},"image":{"@id":"https:\/\/www.huilerie-artois.fr\/#\/schema\/logo\/image\/"},"sameAs":["https:\/\/www.facebook.com\/HuilerieArtois","https:\/\/www.instagram.com\/huilerie_artois\/"]}]}},"_links":{"self":[{"href":"https:\/\/www.huilerie-artois.fr\/index.php\/wp-json\/wp\/v2\/pages\/117","targetHints":{"allow":["GET"]}}],"collection":[{"href":"https:\/\/www.huilerie-artois.fr\/index.php\/wp-json\/wp\/v2\/pages"}],"about":[{"href":"https:\/\/www.huilerie-artois.fr\/index.php\/wp-json\/wp\/v2\/types\/page"}],"author":[{"embeddable":true,"href":"https:\/\/www.huilerie-artois.fr\/index.php\/wp-json\/wp\/v2\/users\/1"}],"replies":[{"embeddable":true,"href":"https:\/\/www.huilerie-artois.fr\/index.php\/wp-json\/wp\/v2\/comments?post=117"}],"version-history":[{"count":8,"href":"https:\/\/www.huilerie-artois.fr\/index.php\/wp-json\/wp\/v2\/pages\/117\/revisions"}],"predecessor-version":[{"id":291,"href":"https:\/\/www.huilerie-artois.fr\/index.php\/wp-json\/wp\/v2\/pages\/117\/revisions\/291"}],"wp:attachment":[{"href":"https:\/\/www.huilerie-artois.fr\/index.php\/wp-json\/wp\/v2\/media?parent=117"}],"curies":[{"name":"wp","href":"https:\/\/api.w.org\/{rel}","templated":true}]}}