{"id":122,"date":"2024-09-20T17:19:23","date_gmt":"2024-09-20T15:19:23","guid":{"rendered":"http:\/\/www.huilerie-artois.fr\/?page_id=122"},"modified":"2024-09-23T23:59:36","modified_gmt":"2024-09-23T21:59:36","slug":"prestations","status":"publish","type":"page","link":"https:\/\/www.huilerie-artois.fr\/index.php\/prestations\/","title":{"rendered":"Prestations"},"content":{"rendered":"\t\t<div data-elementor-type=\"wp-page\" data-elementor-id=\"122\" class=\"elementor elementor-122\">\n\t\t\t\t<div class=\"elementor-element elementor-element-4104868 e-flex e-con-boxed e-con e-parent\" data-id=\"4104868\" data-element_type=\"container\">\n\t\t\t\t\t<div class=\"e-con-inner\">\n\t\t\t\t<div class=\"elementor-element elementor-element-04117d5 elementor-widget__width-inherit elementor-widget elementor-widget-image\" data-id=\"04117d5\" data-element_type=\"widget\" data-widget_type=\"image.default\">\n\t\t\t\t<div class=\"elementor-widget-container\">\n\t\t\t\t\t\t\t\t\t\t\t\t\t<img fetchpriority=\"high\" decoding=\"async\" width=\"2000\" height=\"1200\" src=\"https:\/\/www.huilerie-artois.fr\/wp-content\/uploads\/2024\/09\/IMG_6521-2000x1200.jpeg\" class=\"attachment-twentyseventeen-featured-image size-twentyseventeen-featured-image wp-image-129\" alt=\"\" sizes=\"100vw\" \/>\t\t\t\t\t\t\t\t\t\t\t\t\t<\/div>\n\t\t\t\t<\/div>\n\t\t\t\t\t<\/div>\n\t\t\t\t<\/div>\n\t\t<div class=\"elementor-element elementor-element-6135998 e-flex e-con-boxed e-con e-parent\" data-id=\"6135998\" data-element_type=\"container\">\n\t\t\t\t\t<div class=\"e-con-inner\">\n\t\t\t\t<div class=\"elementor-element elementor-element-b87c823 elementor-widget elementor-widget-text-editor\" data-id=\"b87c823\" data-element_type=\"widget\" data-widget_type=\"text-editor.default\">\n\t\t\t\t<div class=\"elementor-widget-container\">\n\t\t\t\t\t\t\t<p>Agriculteurs, offrez \u00e0 vos clients le meilleur de vos cultures. Nous d\u00e9finissons ensemble votre projet, vous nous confiez votre r\u00e9colte et la transformons en huile v\u00e9g\u00e9tale.<\/p>\t\t\t\t\t\t<\/div>\n\t\t\t\t<\/div>\n\t\t\t\t\t<\/div>\n\t\t\t\t<\/div>\n\t\t<div class=\"elementor-element elementor-element-0b79aa0 e-flex e-con-boxed e-con e-parent\" data-id=\"0b79aa0\" data-element_type=\"container\">\n\t\t\t\t\t<div class=\"e-con-inner\">\n\t\t\t\t<div class=\"elementor-element elementor-element-d345311 elementor-widget elementor-widget-image\" data-id=\"d345311\" data-element_type=\"widget\" data-widget_type=\"image.default\">\n\t\t\t\t<div class=\"elementor-widget-container\">\n\t\t\t\t\t\t\t\t\t\t\t\t\t<img decoding=\"async\" width=\"2000\" height=\"1200\" src=\"https:\/\/www.huilerie-artois.fr\/wp-content\/uploads\/2024\/09\/IMG_9300-2000x1200.jpg\" class=\"attachment-twentyseventeen-featured-image size-twentyseventeen-featured-image wp-image-215\" alt=\"\" sizes=\"100vw\" \/>\t\t\t\t\t\t\t\t\t\t\t\t\t<\/div>\n\t\t\t\t<\/div>\n\t\t\t\t\t<\/div>\n\t\t\t\t<\/div>\n\t\t<div class=\"elementor-element elementor-element-3643e992 e-flex e-con-boxed e-con e-parent\" data-id=\"3643e992\" data-element_type=\"container\">\n\t\t\t\t\t<div class=\"e-con-inner\">\n\t\t\t\t<div class=\"elementor-element elementor-element-55905b2a elementor-widget elementor-widget-text-editor\" data-id=\"55905b2a\" data-element_type=\"widget\" data-widget_type=\"text-editor.default\">\n\t\t\t\t<div class=\"elementor-widget-container\">\n\t\t\t\t\t\t\t<p>Une id\u00e9e de cadeau pour votre mariage, un goodie pour vos clients nous vous personnalisons des mignonnettes \u00e0 vos couleurs<\/p>\t\t\t\t\t\t<\/div>\n\t\t\t\t<\/div>\n\t\t\t\t\t<\/div>\n\t\t\t\t<\/div>\n\t\t<div class=\"elementor-element elementor-element-b87914c e-flex e-con-boxed e-con e-parent\" data-id=\"b87914c\" data-element_type=\"container\">\n\t\t\t\t\t<div class=\"e-con-inner\">\n\t\t\t\t<div class=\"elementor-element elementor-element-3076728 elementor-widget elementor-widget-heading\" data-id=\"3076728\" data-element_type=\"widget\" data-widget_type=\"heading.default\">\n\t\t\t\t<div class=\"elementor-widget-container\">\n\t\t\t<h1 class=\"elementor-heading-title elementor-size-default\"><a href=\"http:\/\/www.huilerie-artois.fr\/index.php\/contact\/\">Contactez nous<\/a><\/h1>\t\t<\/div>\n\t\t\t\t<\/div>\n\t\t\t\t\t<\/div>\n\t\t\t\t<\/div>\n\t\t\t\t<\/div>\n\t\t","protected":false},"excerpt":{"rendered":"<p>Agriculteurs, offrez \u00e0 vos clients le meilleur de vos cultures. Nous d\u00e9finissons ensemble votre projet, vous nous confiez votre r\u00e9colte et la transformons en huile v\u00e9g\u00e9tale. Une id\u00e9e de cadeau pour votre mariage, un goodie pour vos clients nous vous personnalisons des mignonnettes \u00e0 vos couleurs Contactez nous<\/p>\n","protected":false},"author":1,"featured_media":99,"parent":0,"menu_order":0,"comment_status":"closed","ping_status":"closed","template":"","meta":{"footnotes":""},"class_list":["post-122","page","type-page","status-publish","has-post-thumbnail","hentry"],"yoast_head":"<!-- This site is optimized with the Yoast SEO plugin v23.5 - https:\/\/yoast.com\/wordpress\/plugins\/seo\/ -->\n<title>Prestations - Huilerie d&#039;Artois<\/title>\n<meta name=\"robots\" content=\"index, follow, max-snippet:-1, max-image-preview:large, max-video-preview:-1\" \/>\n<link rel=\"canonical\" href=\"https:\/\/www.huilerie-artois.fr\/index.php\/prestations\/\" \/>\n<meta property=\"og:locale\" content=\"en_US\" \/>\n<meta property=\"og:type\" content=\"article\" \/>\n<meta property=\"og:title\" content=\"Prestations - Huilerie d&#039;Artois\" \/>\n<meta property=\"og:description\" content=\"Agriculteurs, offrez \u00e0 vos clients le meilleur de vos cultures. Nous d\u00e9finissons ensemble votre projet, vous nous confiez votre r\u00e9colte et la transformons en huile v\u00e9g\u00e9tale. Une id\u00e9e de cadeau pour votre mariage, un goodie pour vos clients nous vous personnalisons des mignonnettes \u00e0 vos couleurs Contactez nous\" \/>\n<meta property=\"og:url\" content=\"https:\/\/www.huilerie-artois.fr\/index.php\/prestations\/\" \/>\n<meta property=\"og:site_name\" content=\"Huilerie d&#039;Artois\" \/>\n<meta property=\"article:publisher\" content=\"https:\/\/www.facebook.com\/HuilerieArtois\" \/>\n<meta property=\"article:modified_time\" content=\"2024-09-23T21:59:36+00:00\" \/>\n<meta property=\"og:image\" content=\"https:\/\/www.huilerie-artois.fr\/wp-content\/uploads\/2024\/09\/IMG_5882-scaled.jpeg\" \/>\n\t<meta property=\"og:image:width\" content=\"2560\" \/>\n\t<meta property=\"og:image:height\" content=\"1920\" \/>\n\t<meta property=\"og:image:type\" content=\"image\/jpeg\" \/>\n<meta name=\"twitter:card\" content=\"summary_large_image\" \/>\n<script type=\"application\/ld+json\" class=\"yoast-schema-graph\">{\"@context\":\"https:\/\/schema.org\",\"@graph\":[{\"@type\":\"WebPage\",\"@id\":\"https:\/\/www.huilerie-artois.fr\/index.php\/prestations\/\",\"url\":\"https:\/\/www.huilerie-artois.fr\/index.php\/prestations\/\",\"name\":\"Prestations - Huilerie d&#039;Artois\",\"isPartOf\":{\"@id\":\"https:\/\/www.huilerie-artois.fr\/#website\"},\"primaryImageOfPage\":{\"@id\":\"https:\/\/www.huilerie-artois.fr\/index.php\/prestations\/#primaryimage\"},\"image\":{\"@id\":\"https:\/\/www.huilerie-artois.fr\/index.php\/prestations\/#primaryimage\"},\"thumbnailUrl\":\"https:\/\/www.huilerie-artois.fr\/wp-content\/uploads\/2024\/09\/IMG_5882-scaled.jpeg\",\"datePublished\":\"2024-09-20T15:19:23+00:00\",\"dateModified\":\"2024-09-23T21:59:36+00:00\",\"breadcrumb\":{\"@id\":\"https:\/\/www.huilerie-artois.fr\/index.php\/prestations\/#breadcrumb\"},\"inLanguage\":\"en-US\",\"potentialAction\":[{\"@type\":\"ReadAction\",\"target\":[\"https:\/\/www.huilerie-artois.fr\/index.php\/prestations\/\"]}]},{\"@type\":\"ImageObject\",\"inLanguage\":\"en-US\",\"@id\":\"https:\/\/www.huilerie-artois.fr\/index.php\/prestations\/#primaryimage\",\"url\":\"https:\/\/www.huilerie-artois.fr\/wp-content\/uploads\/2024\/09\/IMG_5882-scaled.jpeg\",\"contentUrl\":\"https:\/\/www.huilerie-artois.fr\/wp-content\/uploads\/2024\/09\/IMG_5882-scaled.jpeg\",\"width\":2560,\"height\":1920},{\"@type\":\"BreadcrumbList\",\"@id\":\"https:\/\/www.huilerie-artois.fr\/index.php\/prestations\/#breadcrumb\",\"itemListElement\":[{\"@type\":\"ListItem\",\"position\":1,\"name\":\"Accueil\",\"item\":\"https:\/\/www.huilerie-artois.fr\/\"},{\"@type\":\"ListItem\",\"position\":2,\"name\":\"Prestations\"}]},{\"@type\":\"WebSite\",\"@id\":\"https:\/\/www.huilerie-artois.fr\/#website\",\"url\":\"https:\/\/www.huilerie-artois.fr\/\",\"name\":\"Huilerie d'Artois\",\"description\":\"Artisan du go\u00fbt\",\"publisher\":{\"@id\":\"https:\/\/www.huilerie-artois.fr\/#organization\"},\"potentialAction\":[{\"@type\":\"SearchAction\",\"target\":{\"@type\":\"EntryPoint\",\"urlTemplate\":\"https:\/\/www.huilerie-artois.fr\/?s={search_term_string}\"},\"query-input\":{\"@type\":\"PropertyValueSpecification\",\"valueRequired\":true,\"valueName\":\"search_term_string\"}}],\"inLanguage\":\"en-US\"},{\"@type\":\"Organization\",\"@id\":\"https:\/\/www.huilerie-artois.fr\/#organization\",\"name\":\"Huilerie d'Artois\",\"url\":\"https:\/\/www.huilerie-artois.fr\/\",\"logo\":{\"@type\":\"ImageObject\",\"inLanguage\":\"en-US\",\"@id\":\"https:\/\/www.huilerie-artois.fr\/#\/schema\/logo\/image\/\",\"url\":\"https:\/\/www.huilerie-artois.fr\/wp-content\/uploads\/2024\/08\/cropped-logo-huilerie.png\",\"contentUrl\":\"https:\/\/www.huilerie-artois.fr\/wp-content\/uploads\/2024\/08\/cropped-logo-huilerie.png\",\"width\":260,\"height\":250,\"caption\":\"Huilerie d'Artois\"},\"image\":{\"@id\":\"https:\/\/www.huilerie-artois.fr\/#\/schema\/logo\/image\/\"},\"sameAs\":[\"https:\/\/www.facebook.com\/HuilerieArtois\",\"https:\/\/www.instagram.com\/huilerie_artois\/\"]}]}<\/script>\n<!-- \/ Yoast SEO plugin. -->","yoast_head_json":{"title":"Prestations - Huilerie d&#039;Artois","robots":{"index":"index","follow":"follow","max-snippet":"max-snippet:-1","max-image-preview":"max-image-preview:large","max-video-preview":"max-video-preview:-1"},"canonical":"https:\/\/www.huilerie-artois.fr\/index.php\/prestations\/","og_locale":"en_US","og_type":"article","og_title":"Prestations - Huilerie d&#039;Artois","og_description":"Agriculteurs, offrez \u00e0 vos clients le meilleur de vos cultures. Nous d\u00e9finissons ensemble votre projet, vous nous confiez votre r\u00e9colte et la transformons en huile v\u00e9g\u00e9tale. Une id\u00e9e de cadeau pour votre mariage, un goodie pour vos clients nous vous personnalisons des mignonnettes \u00e0 vos couleurs Contactez nous","og_url":"https:\/\/www.huilerie-artois.fr\/index.php\/prestations\/","og_site_name":"Huilerie d&#039;Artois","article_publisher":"https:\/\/www.facebook.com\/HuilerieArtois","article_modified_time":"2024-09-23T21:59:36+00:00","og_image":[{"width":2560,"height":1920,"url":"https:\/\/www.huilerie-artois.fr\/wp-content\/uploads\/2024\/09\/IMG_5882-scaled.jpeg","type":"image\/jpeg"}],"twitter_card":"summary_large_image","schema":{"@context":"https:\/\/schema.org","@graph":[{"@type":"WebPage","@id":"https:\/\/www.huilerie-artois.fr\/index.php\/prestations\/","url":"https:\/\/www.huilerie-artois.fr\/index.php\/prestations\/","name":"Prestations - Huilerie d&#039;Artois","isPartOf":{"@id":"https:\/\/www.huilerie-artois.fr\/#website"},"primaryImageOfPage":{"@id":"https:\/\/www.huilerie-artois.fr\/index.php\/prestations\/#primaryimage"},"image":{"@id":"https:\/\/www.huilerie-artois.fr\/index.php\/prestations\/#primaryimage"},"thumbnailUrl":"https:\/\/www.huilerie-artois.fr\/wp-content\/uploads\/2024\/09\/IMG_5882-scaled.jpeg","datePublished":"2024-09-20T15:19:23+00:00","dateModified":"2024-09-23T21:59:36+00:00","breadcrumb":{"@id":"https:\/\/www.huilerie-artois.fr\/index.php\/prestations\/#breadcrumb"},"inLanguage":"en-US","potentialAction":[{"@type":"ReadAction","target":["https:\/\/www.huilerie-artois.fr\/index.php\/prestations\/"]}]},{"@type":"ImageObject","inLanguage":"en-US","@id":"https:\/\/www.huilerie-artois.fr\/index.php\/prestations\/#primaryimage","url":"https:\/\/www.huilerie-artois.fr\/wp-content\/uploads\/2024\/09\/IMG_5882-scaled.jpeg","contentUrl":"https:\/\/www.huilerie-artois.fr\/wp-content\/uploads\/2024\/09\/IMG_5882-scaled.jpeg","width":2560,"height":1920},{"@type":"BreadcrumbList","@id":"https:\/\/www.huilerie-artois.fr\/index.php\/prestations\/#breadcrumb","itemListElement":[{"@type":"ListItem","position":1,"name":"Accueil","item":"https:\/\/www.huilerie-artois.fr\/"},{"@type":"ListItem","position":2,"name":"Prestations"}]},{"@type":"WebSite","@id":"https:\/\/www.huilerie-artois.fr\/#website","url":"https:\/\/www.huilerie-artois.fr\/","name":"Huilerie d'Artois","description":"Artisan du go\u00fbt","publisher":{"@id":"https:\/\/www.huilerie-artois.fr\/#organization"},"potentialAction":[{"@type":"SearchAction","target":{"@type":"EntryPoint","urlTemplate":"https:\/\/www.huilerie-artois.fr\/?s={search_term_string}"},"query-input":{"@type":"PropertyValueSpecification","valueRequired":true,"valueName":"search_term_string"}}],"inLanguage":"en-US"},{"@type":"Organization","@id":"https:\/\/www.huilerie-artois.fr\/#organization","name":"Huilerie d'Artois","url":"https:\/\/www.huilerie-artois.fr\/","logo":{"@type":"ImageObject","inLanguage":"en-US","@id":"https:\/\/www.huilerie-artois.fr\/#\/schema\/logo\/image\/","url":"https:\/\/www.huilerie-artois.fr\/wp-content\/uploads\/2024\/08\/cropped-logo-huilerie.png","contentUrl":"https:\/\/www.huilerie-artois.fr\/wp-content\/uploads\/2024\/08\/cropped-logo-huilerie.png","width":260,"height":250,"caption":"Huilerie d'Artois"},"image":{"@id":"https:\/\/www.huilerie-artois.fr\/#\/schema\/logo\/image\/"},"sameAs":["https:\/\/www.facebook.com\/HuilerieArtois","https:\/\/www.instagram.com\/huilerie_artois\/"]}]}},"_links":{"self":[{"href":"https:\/\/www.huilerie-artois.fr\/index.php\/wp-json\/wp\/v2\/pages\/122","targetHints":{"allow":["GET"]}}],"collection":[{"href":"https:\/\/www.huilerie-artois.fr\/index.php\/wp-json\/wp\/v2\/pages"}],"about":[{"href":"https:\/\/www.huilerie-artois.fr\/index.php\/wp-json\/wp\/v2\/types\/page"}],"author":[{"embeddable":true,"href":"https:\/\/www.huilerie-artois.fr\/index.php\/wp-json\/wp\/v2\/users\/1"}],"replies":[{"embeddable":true,"href":"https:\/\/www.huilerie-artois.fr\/index.php\/wp-json\/wp\/v2\/comments?post=122"}],"version-history":[{"count":6,"href":"https:\/\/www.huilerie-artois.fr\/index.php\/wp-json\/wp\/v2\/pages\/122\/revisions"}],"predecessor-version":[{"id":220,"href":"https:\/\/www.huilerie-artois.fr\/index.php\/wp-json\/wp\/v2\/pages\/122\/revisions\/220"}],"wp:featuredmedia":[{"embeddable":true,"href":"https:\/\/www.huilerie-artois.fr\/index.php\/wp-json\/wp\/v2\/media\/99"}],"wp:attachment":[{"href":"https:\/\/www.huilerie-artois.fr\/index.php\/wp-json\/wp\/v2\/media?parent=122"}],"curies":[{"name":"wp","href":"https:\/\/api.w.org\/{rel}","templated":true}]}}