{"id":32,"date":"2024-09-19T16:36:15","date_gmt":"2024-09-19T14:36:15","guid":{"rendered":"http:\/\/www.huilerie-artois.fr\/?page_id=32"},"modified":"2024-10-01T23:06:30","modified_gmt":"2024-10-01T21:06:30","slug":"nos-huiles","status":"publish","type":"page","link":"https:\/\/www.huilerie-artois.fr\/index.php\/nos-huiles\/","title":{"rendered":"Nos huiles"},"content":{"rendered":"\t\t<div data-elementor-type=\"wp-page\" data-elementor-id=\"32\" class=\"elementor elementor-32\">\n\t\t\t\t<div class=\"elementor-element elementor-element-5c89759 e-flex e-con-boxed e-con e-parent\" data-id=\"5c89759\" data-element_type=\"container\">\n\t\t\t\t\t<div class=\"e-con-inner\">\n\t\t\t\t<div class=\"elementor-element elementor-element-cd882d2 elementor-widget elementor-widget-text-editor\" data-id=\"cd882d2\" data-element_type=\"widget\" data-widget_type=\"text-editor.default\">\n\t\t\t\t<div class=\"elementor-widget-container\">\n\t\t\t<style>\/*! elementor - v3.23.0 - 05-08-2024 *\/\n.elementor-widget-text-editor.elementor-drop-cap-view-stacked .elementor-drop-cap{background-color:#69727d;color:#fff}.elementor-widget-text-editor.elementor-drop-cap-view-framed .elementor-drop-cap{color:#69727d;border:3px solid;background-color:transparent}.elementor-widget-text-editor:not(.elementor-drop-cap-view-default) .elementor-drop-cap{margin-top:8px}.elementor-widget-text-editor:not(.elementor-drop-cap-view-default) .elementor-drop-cap-letter{width:1em;height:1em}.elementor-widget-text-editor .elementor-drop-cap{float:left;text-align:center;line-height:1;font-size:50px}.elementor-widget-text-editor .elementor-drop-cap-letter{display:inline-block}<\/style>\t\t\t\t<p>3 gammes d&#8217;huiles sont press\u00e9es dans notre atelier pour un maximum de go\u00fbt et de nutriments<\/p>\t\t\t\t\t\t<\/div>\n\t\t\t\t<\/div>\n\t\t\t\t\t<\/div>\n\t\t\t\t<\/div>\n\t\t<div class=\"elementor-element elementor-element-141d97a e-con-full e-flex e-con e-parent\" data-id=\"141d97a\" data-element_type=\"container\">\n\t\t<div class=\"elementor-element elementor-element-41b328e e-con-full e-flex e-con e-child\" data-id=\"41b328e\" data-element_type=\"container\">\n\t\t\t\t<div class=\"elementor-element elementor-element-c8840cb elementor-widget elementor-widget-heading\" data-id=\"c8840cb\" data-element_type=\"widget\" data-widget_type=\"heading.default\">\n\t\t\t\t<div class=\"elementor-widget-container\">\n\t\t\t<style>\/*! elementor - v3.23.0 - 05-08-2024 *\/\n.elementor-heading-title{padding:0;margin:0;line-height:1}.elementor-widget-heading .elementor-heading-title[class*=elementor-size-]>a{color:inherit;font-size:inherit;line-height:inherit}.elementor-widget-heading .elementor-heading-title.elementor-size-small{font-size:15px}.elementor-widget-heading .elementor-heading-title.elementor-size-medium{font-size:19px}.elementor-widget-heading .elementor-heading-title.elementor-size-large{font-size:29px}.elementor-widget-heading .elementor-heading-title.elementor-size-xl{font-size:39px}.elementor-widget-heading .elementor-heading-title.elementor-size-xxl{font-size:59px}<\/style><h2 class=\"elementor-heading-title elementor-size-default\"><a href=\"https:\/\/www.pourdebon.com\/huilerie-dartois-s1207?srsltid=AfmBOoqbCwWHxqjkIZrRNfL7gHtCPoev5ELmlOsrfCedyZUk1uKNEMbU\">Ol\u00e9o<\/a><\/h2>\t\t<\/div>\n\t\t\t\t<\/div>\n\t\t\t\t<div class=\"elementor-element elementor-element-0c43126 elementor-widget elementor-widget-text-editor\" data-id=\"0c43126\" data-element_type=\"widget\" data-widget_type=\"text-editor.default\">\n\t\t\t\t<div class=\"elementor-widget-container\">\n\t\t\t\t\t\t\t<h5>Huile gastronomique<\/h5><h5><span style=\"font-family: var( --e-global-typography-text-font-family ), Sans-serif; letter-spacing: 0em; font-size: 0.8125rem;\">100% Hauts de France<\/span><\/h5>\t\t\t\t\t\t<\/div>\n\t\t\t\t<\/div>\n\t\t\t\t<div class=\"elementor-element elementor-element-f625a5c elementor-widget__width-initial elementor-widget elementor-widget-image\" data-id=\"f625a5c\" data-element_type=\"widget\" data-widget_type=\"image.default\">\n\t\t\t\t<div class=\"elementor-widget-container\">\n\t\t\t<style>\/*! elementor - v3.23.0 - 05-08-2024 *\/\n.elementor-widget-image{text-align:center}.elementor-widget-image a{display:inline-block}.elementor-widget-image a img[src$=\".svg\"]{width:48px}.elementor-widget-image img{vertical-align:middle;display:inline-block}<\/style>\t\t\t\t\t\t\t\t\t\t<img fetchpriority=\"high\" decoding=\"async\" width=\"1536\" height=\"1125\" src=\"https:\/\/www.huilerie-artois.fr\/wp-content\/uploads\/2024\/09\/IMG_0571-1536x1125.jpeg\" class=\"elementor-animation-pulse attachment-1536x1536 size-1536x1536 wp-image-131\" alt=\"\" srcset=\"https:\/\/www.huilerie-artois.fr\/wp-content\/uploads\/2024\/09\/IMG_0571-1536x1125.jpeg 1536w, https:\/\/www.huilerie-artois.fr\/wp-content\/uploads\/2024\/09\/IMG_0571-300x220.jpeg 300w, https:\/\/www.huilerie-artois.fr\/wp-content\/uploads\/2024\/09\/IMG_0571-1024x750.jpeg 1024w, https:\/\/www.huilerie-artois.fr\/wp-content\/uploads\/2024\/09\/IMG_0571-768x562.jpeg 768w, https:\/\/www.huilerie-artois.fr\/wp-content\/uploads\/2024\/09\/IMG_0571-2048x1500.jpeg 2048w\" sizes=\"100vw\" \/>\t\t\t\t\t\t\t\t\t\t\t\t\t<\/div>\n\t\t\t\t<\/div>\n\t\t\t\t<\/div>\n\t\t<div class=\"elementor-element elementor-element-28087fe e-con-full e-flex e-con e-child\" data-id=\"28087fe\" data-element_type=\"container\">\n\t\t\t\t<div class=\"elementor-element elementor-element-11d4bf4 elementor-widget elementor-widget-heading\" data-id=\"11d4bf4\" data-element_type=\"widget\" data-widget_type=\"heading.default\">\n\t\t\t\t<div class=\"elementor-widget-container\">\n\t\t\t<h2 class=\"elementor-heading-title elementor-size-default\"><a href=\"https:\/\/www.pourdebon.com\/huilerie-dartois-s1207?srsltid=AfmBOoqbCwWHxqjkIZrRNfL7gHtCPoev5ELmlOsrfCedyZUk1uKNEMbU\">Huile d'Artois<\/a><\/h2>\t\t<\/div>\n\t\t\t\t<\/div>\n\t\t\t\t<div class=\"elementor-element elementor-element-f6e48d5 elementor-widget elementor-widget-text-editor\" data-id=\"f6e48d5\" data-element_type=\"widget\" data-widget_type=\"text-editor.default\">\n\t\t\t\t<div class=\"elementor-widget-container\">\n\t\t\t\t\t\t\t<h5>Huile Quotidienne\u00a0<\/h5><h5>Riche en nutriments<\/h5>\t\t\t\t\t\t<\/div>\n\t\t\t\t<\/div>\n\t\t\t\t<div class=\"elementor-element elementor-element-1a6c7fa elementor-widget__width-initial elementor-widget elementor-widget-image\" data-id=\"1a6c7fa\" data-element_type=\"widget\" data-widget_type=\"image.default\">\n\t\t\t\t<div class=\"elementor-widget-container\">\n\t\t\t\t\t\t\t\t\t\t\t\t\t<img decoding=\"async\" width=\"1536\" height=\"1152\" src=\"https:\/\/www.huilerie-artois.fr\/wp-content\/uploads\/2024\/09\/IMG_8136-1536x1152.jpeg\" class=\"elementor-animation-pulse-shrink attachment-1536x1536 size-1536x1536 wp-image-230\" alt=\"\" srcset=\"https:\/\/www.huilerie-artois.fr\/wp-content\/uploads\/2024\/09\/IMG_8136-1536x1152.jpeg 1536w, https:\/\/www.huilerie-artois.fr\/wp-content\/uploads\/2024\/09\/IMG_8136-300x225.jpeg 300w, https:\/\/www.huilerie-artois.fr\/wp-content\/uploads\/2024\/09\/IMG_8136-1024x768.jpeg 1024w, https:\/\/www.huilerie-artois.fr\/wp-content\/uploads\/2024\/09\/IMG_8136-768x576.jpeg 768w, https:\/\/www.huilerie-artois.fr\/wp-content\/uploads\/2024\/09\/IMG_8136-2048x1536.jpeg 2048w\" sizes=\"100vw\" \/>\t\t\t\t\t\t\t\t\t\t\t\t\t<\/div>\n\t\t\t\t<\/div>\n\t\t\t\t<\/div>\n\t\t<div class=\"elementor-element elementor-element-6502a0d e-con-full e-flex e-con e-child\" data-id=\"6502a0d\" data-element_type=\"container\">\n\t\t\t\t<div class=\"elementor-element elementor-element-7618cc0 elementor-widget elementor-widget-heading\" data-id=\"7618cc0\" data-element_type=\"widget\" data-widget_type=\"heading.default\">\n\t\t\t\t<div class=\"elementor-widget-container\">\n\t\t\t<h2 class=\"elementor-heading-title elementor-size-default\"><a href=\"https:\/\/www.pourdebon.com\/huilerie-dartois-s1207?srsltid=AfmBOoqbCwWHxqjkIZrRNfL7gHtCPoev5ELmlOsrfCedyZUk1uKNEMbU\">O'Tordoir<\/a><\/h2>\t\t<\/div>\n\t\t\t\t<\/div>\n\t\t\t\t<div class=\"elementor-element elementor-element-fb6c155 elementor-widget elementor-widget-text-editor\" data-id=\"fb6c155\" data-element_type=\"widget\" data-widget_type=\"text-editor.default\">\n\t\t\t\t<div class=\"elementor-widget-container\">\n\t\t\t\t\t\t\t<h5>Huile Aromatis\u00e9e<\/h5><h5>riche en go\u00fbt<\/h5>\t\t\t\t\t\t<\/div>\n\t\t\t\t<\/div>\n\t\t\t\t<div class=\"elementor-element elementor-element-12d87a6 elementor-widget__width-initial elementor-widget elementor-widget-image\" data-id=\"12d87a6\" data-element_type=\"widget\" data-widget_type=\"image.default\">\n\t\t\t\t<div class=\"elementor-widget-container\">\n\t\t\t\t\t\t\t\t\t\t\t\t\t<img decoding=\"async\" width=\"2048\" height=\"1536\" src=\"https:\/\/www.huilerie-artois.fr\/wp-content\/uploads\/2024\/09\/IMG_0774-2-2048x1536.jpeg\" class=\"elementor-animation-pulse-shrink attachment-2048x2048 size-2048x2048 wp-image-231\" alt=\"\" srcset=\"https:\/\/www.huilerie-artois.fr\/wp-content\/uploads\/2024\/09\/IMG_0774-2-2048x1536.jpeg 2048w, https:\/\/www.huilerie-artois.fr\/wp-content\/uploads\/2024\/09\/IMG_0774-2-300x225.jpeg 300w, https:\/\/www.huilerie-artois.fr\/wp-content\/uploads\/2024\/09\/IMG_0774-2-1024x768.jpeg 1024w, https:\/\/www.huilerie-artois.fr\/wp-content\/uploads\/2024\/09\/IMG_0774-2-768x576.jpeg 768w, https:\/\/www.huilerie-artois.fr\/wp-content\/uploads\/2024\/09\/IMG_0774-2-1536x1152.jpeg 1536w\" sizes=\"100vw\" \/>\t\t\t\t\t\t\t\t\t\t\t\t\t<\/div>\n\t\t\t\t<\/div>\n\t\t\t\t<\/div>\n\t\t\t\t<\/div>\n\t\t\t\t<\/div>\n\t\t","protected":false},"excerpt":{"rendered":"<p>3 gammes d&#8217;huiles sont press\u00e9es dans notre atelier pour un maximum de go\u00fbt et de nutriments Ol\u00e9o Huile gastronomique 100% Hauts de France Huile d&#8217;Artois Huile Quotidienne\u00a0 Riche en nutriments O&#8217;Tordoir Huile Aromatis\u00e9e riche en go\u00fbt<\/p>\n","protected":false},"author":1,"featured_media":141,"parent":0,"menu_order":0,"comment_status":"closed","ping_status":"closed","template":"","meta":{"footnotes":""},"class_list":["post-32","page","type-page","status-publish","has-post-thumbnail","hentry"],"yoast_head":"<!-- This site is optimized with the Yoast SEO plugin v23.5 - https:\/\/yoast.com\/wordpress\/plugins\/seo\/ -->\n<title>Nos huiles - Huilerie d&#039;Artois<\/title>\n<meta name=\"robots\" content=\"index, follow, max-snippet:-1, max-image-preview:large, max-video-preview:-1\" \/>\n<link rel=\"canonical\" href=\"https:\/\/www.huilerie-artois.fr\/index.php\/nos-huiles\/\" \/>\n<meta property=\"og:locale\" content=\"en_US\" \/>\n<meta property=\"og:type\" content=\"article\" \/>\n<meta property=\"og:title\" content=\"Nos huiles - Huilerie d&#039;Artois\" \/>\n<meta property=\"og:description\" content=\"3 gammes d&#8217;huiles sont press\u00e9es dans notre atelier pour un maximum de go\u00fbt et de nutriments Ol\u00e9o Huile gastronomique 100% Hauts de France Huile d&#8217;Artois Huile Quotidienne\u00a0 Riche en nutriments O&#8217;Tordoir Huile Aromatis\u00e9e riche en go\u00fbt\" \/>\n<meta property=\"og:url\" content=\"https:\/\/www.huilerie-artois.fr\/index.php\/nos-huiles\/\" \/>\n<meta property=\"og:site_name\" content=\"Huilerie d&#039;Artois\" \/>\n<meta property=\"article:publisher\" content=\"https:\/\/www.facebook.com\/HuilerieArtois\" \/>\n<meta property=\"article:modified_time\" content=\"2024-10-01T21:06:30+00:00\" \/>\n<meta property=\"og:image\" content=\"https:\/\/www.huilerie-artois.fr\/wp-content\/uploads\/2024\/09\/IMG_8857-1-scaled.jpeg\" \/>\n\t<meta property=\"og:image:width\" content=\"2560\" \/>\n\t<meta property=\"og:image:height\" content=\"1927\" \/>\n\t<meta property=\"og:image:type\" content=\"image\/jpeg\" \/>\n<meta name=\"twitter:card\" content=\"summary_large_image\" \/>\n<meta name=\"twitter:label1\" content=\"Est. reading time\" \/>\n\t<meta name=\"twitter:data1\" content=\"1 minute\" \/>\n<script type=\"application\/ld+json\" class=\"yoast-schema-graph\">{\"@context\":\"https:\/\/schema.org\",\"@graph\":[{\"@type\":\"WebPage\",\"@id\":\"https:\/\/www.huilerie-artois.fr\/index.php\/nos-huiles\/\",\"url\":\"https:\/\/www.huilerie-artois.fr\/index.php\/nos-huiles\/\",\"name\":\"Nos huiles - Huilerie d&#039;Artois\",\"isPartOf\":{\"@id\":\"https:\/\/www.huilerie-artois.fr\/#website\"},\"primaryImageOfPage\":{\"@id\":\"https:\/\/www.huilerie-artois.fr\/index.php\/nos-huiles\/#primaryimage\"},\"image\":{\"@id\":\"https:\/\/www.huilerie-artois.fr\/index.php\/nos-huiles\/#primaryimage\"},\"thumbnailUrl\":\"https:\/\/www.huilerie-artois.fr\/wp-content\/uploads\/2024\/09\/IMG_8857-1-scaled.jpeg\",\"datePublished\":\"2024-09-19T14:36:15+00:00\",\"dateModified\":\"2024-10-01T21:06:30+00:00\",\"breadcrumb\":{\"@id\":\"https:\/\/www.huilerie-artois.fr\/index.php\/nos-huiles\/#breadcrumb\"},\"inLanguage\":\"en-US\",\"potentialAction\":[{\"@type\":\"ReadAction\",\"target\":[\"https:\/\/www.huilerie-artois.fr\/index.php\/nos-huiles\/\"]}]},{\"@type\":\"ImageObject\",\"inLanguage\":\"en-US\",\"@id\":\"https:\/\/www.huilerie-artois.fr\/index.php\/nos-huiles\/#primaryimage\",\"url\":\"https:\/\/www.huilerie-artois.fr\/wp-content\/uploads\/2024\/09\/IMG_8857-1-scaled.jpeg\",\"contentUrl\":\"https:\/\/www.huilerie-artois.fr\/wp-content\/uploads\/2024\/09\/IMG_8857-1-scaled.jpeg\",\"width\":2560,\"height\":1927},{\"@type\":\"BreadcrumbList\",\"@id\":\"https:\/\/www.huilerie-artois.fr\/index.php\/nos-huiles\/#breadcrumb\",\"itemListElement\":[{\"@type\":\"ListItem\",\"position\":1,\"name\":\"Accueil\",\"item\":\"https:\/\/www.huilerie-artois.fr\/\"},{\"@type\":\"ListItem\",\"position\":2,\"name\":\"Nos huiles\"}]},{\"@type\":\"WebSite\",\"@id\":\"https:\/\/www.huilerie-artois.fr\/#website\",\"url\":\"https:\/\/www.huilerie-artois.fr\/\",\"name\":\"Huilerie d'Artois\",\"description\":\"Artisan du go\u00fbt\",\"publisher\":{\"@id\":\"https:\/\/www.huilerie-artois.fr\/#organization\"},\"potentialAction\":[{\"@type\":\"SearchAction\",\"target\":{\"@type\":\"EntryPoint\",\"urlTemplate\":\"https:\/\/www.huilerie-artois.fr\/?s={search_term_string}\"},\"query-input\":{\"@type\":\"PropertyValueSpecification\",\"valueRequired\":true,\"valueName\":\"search_term_string\"}}],\"inLanguage\":\"en-US\"},{\"@type\":\"Organization\",\"@id\":\"https:\/\/www.huilerie-artois.fr\/#organization\",\"name\":\"Huilerie d'Artois\",\"url\":\"https:\/\/www.huilerie-artois.fr\/\",\"logo\":{\"@type\":\"ImageObject\",\"inLanguage\":\"en-US\",\"@id\":\"https:\/\/www.huilerie-artois.fr\/#\/schema\/logo\/image\/\",\"url\":\"https:\/\/www.huilerie-artois.fr\/wp-content\/uploads\/2024\/08\/cropped-logo-huilerie.png\",\"contentUrl\":\"https:\/\/www.huilerie-artois.fr\/wp-content\/uploads\/2024\/08\/cropped-logo-huilerie.png\",\"width\":260,\"height\":250,\"caption\":\"Huilerie d'Artois\"},\"image\":{\"@id\":\"https:\/\/www.huilerie-artois.fr\/#\/schema\/logo\/image\/\"},\"sameAs\":[\"https:\/\/www.facebook.com\/HuilerieArtois\",\"https:\/\/www.instagram.com\/huilerie_artois\/\"]}]}<\/script>\n<!-- \/ Yoast SEO plugin. -->","yoast_head_json":{"title":"Nos huiles - Huilerie d&#039;Artois","robots":{"index":"index","follow":"follow","max-snippet":"max-snippet:-1","max-image-preview":"max-image-preview:large","max-video-preview":"max-video-preview:-1"},"canonical":"https:\/\/www.huilerie-artois.fr\/index.php\/nos-huiles\/","og_locale":"en_US","og_type":"article","og_title":"Nos huiles - Huilerie d&#039;Artois","og_description":"3 gammes d&#8217;huiles sont press\u00e9es dans notre atelier pour un maximum de go\u00fbt et de nutriments Ol\u00e9o Huile gastronomique 100% Hauts de France Huile d&#8217;Artois Huile Quotidienne\u00a0 Riche en nutriments O&#8217;Tordoir Huile Aromatis\u00e9e riche en go\u00fbt","og_url":"https:\/\/www.huilerie-artois.fr\/index.php\/nos-huiles\/","og_site_name":"Huilerie d&#039;Artois","article_publisher":"https:\/\/www.facebook.com\/HuilerieArtois","article_modified_time":"2024-10-01T21:06:30+00:00","og_image":[{"width":2560,"height":1927,"url":"https:\/\/www.huilerie-artois.fr\/wp-content\/uploads\/2024\/09\/IMG_8857-1-scaled.jpeg","type":"image\/jpeg"}],"twitter_card":"summary_large_image","twitter_misc":{"Est. reading time":"1 minute"},"schema":{"@context":"https:\/\/schema.org","@graph":[{"@type":"WebPage","@id":"https:\/\/www.huilerie-artois.fr\/index.php\/nos-huiles\/","url":"https:\/\/www.huilerie-artois.fr\/index.php\/nos-huiles\/","name":"Nos huiles - Huilerie d&#039;Artois","isPartOf":{"@id":"https:\/\/www.huilerie-artois.fr\/#website"},"primaryImageOfPage":{"@id":"https:\/\/www.huilerie-artois.fr\/index.php\/nos-huiles\/#primaryimage"},"image":{"@id":"https:\/\/www.huilerie-artois.fr\/index.php\/nos-huiles\/#primaryimage"},"thumbnailUrl":"https:\/\/www.huilerie-artois.fr\/wp-content\/uploads\/2024\/09\/IMG_8857-1-scaled.jpeg","datePublished":"2024-09-19T14:36:15+00:00","dateModified":"2024-10-01T21:06:30+00:00","breadcrumb":{"@id":"https:\/\/www.huilerie-artois.fr\/index.php\/nos-huiles\/#breadcrumb"},"inLanguage":"en-US","potentialAction":[{"@type":"ReadAction","target":["https:\/\/www.huilerie-artois.fr\/index.php\/nos-huiles\/"]}]},{"@type":"ImageObject","inLanguage":"en-US","@id":"https:\/\/www.huilerie-artois.fr\/index.php\/nos-huiles\/#primaryimage","url":"https:\/\/www.huilerie-artois.fr\/wp-content\/uploads\/2024\/09\/IMG_8857-1-scaled.jpeg","contentUrl":"https:\/\/www.huilerie-artois.fr\/wp-content\/uploads\/2024\/09\/IMG_8857-1-scaled.jpeg","width":2560,"height":1927},{"@type":"BreadcrumbList","@id":"https:\/\/www.huilerie-artois.fr\/index.php\/nos-huiles\/#breadcrumb","itemListElement":[{"@type":"ListItem","position":1,"name":"Accueil","item":"https:\/\/www.huilerie-artois.fr\/"},{"@type":"ListItem","position":2,"name":"Nos huiles"}]},{"@type":"WebSite","@id":"https:\/\/www.huilerie-artois.fr\/#website","url":"https:\/\/www.huilerie-artois.fr\/","name":"Huilerie d'Artois","description":"Artisan du go\u00fbt","publisher":{"@id":"https:\/\/www.huilerie-artois.fr\/#organization"},"potentialAction":[{"@type":"SearchAction","target":{"@type":"EntryPoint","urlTemplate":"https:\/\/www.huilerie-artois.fr\/?s={search_term_string}"},"query-input":{"@type":"PropertyValueSpecification","valueRequired":true,"valueName":"search_term_string"}}],"inLanguage":"en-US"},{"@type":"Organization","@id":"https:\/\/www.huilerie-artois.fr\/#organization","name":"Huilerie d'Artois","url":"https:\/\/www.huilerie-artois.fr\/","logo":{"@type":"ImageObject","inLanguage":"en-US","@id":"https:\/\/www.huilerie-artois.fr\/#\/schema\/logo\/image\/","url":"https:\/\/www.huilerie-artois.fr\/wp-content\/uploads\/2024\/08\/cropped-logo-huilerie.png","contentUrl":"https:\/\/www.huilerie-artois.fr\/wp-content\/uploads\/2024\/08\/cropped-logo-huilerie.png","width":260,"height":250,"caption":"Huilerie d'Artois"},"image":{"@id":"https:\/\/www.huilerie-artois.fr\/#\/schema\/logo\/image\/"},"sameAs":["https:\/\/www.facebook.com\/HuilerieArtois","https:\/\/www.instagram.com\/huilerie_artois\/"]}]}},"_links":{"self":[{"href":"https:\/\/www.huilerie-artois.fr\/index.php\/wp-json\/wp\/v2\/pages\/32","targetHints":{"allow":["GET"]}}],"collection":[{"href":"https:\/\/www.huilerie-artois.fr\/index.php\/wp-json\/wp\/v2\/pages"}],"about":[{"href":"https:\/\/www.huilerie-artois.fr\/index.php\/wp-json\/wp\/v2\/types\/page"}],"author":[{"embeddable":true,"href":"https:\/\/www.huilerie-artois.fr\/index.php\/wp-json\/wp\/v2\/users\/1"}],"replies":[{"embeddable":true,"href":"https:\/\/www.huilerie-artois.fr\/index.php\/wp-json\/wp\/v2\/comments?post=32"}],"version-history":[{"count":19,"href":"https:\/\/www.huilerie-artois.fr\/index.php\/wp-json\/wp\/v2\/pages\/32\/revisions"}],"predecessor-version":[{"id":268,"href":"https:\/\/www.huilerie-artois.fr\/index.php\/wp-json\/wp\/v2\/pages\/32\/revisions\/268"}],"wp:featuredmedia":[{"embeddable":true,"href":"https:\/\/www.huilerie-artois.fr\/index.php\/wp-json\/wp\/v2\/media\/141"}],"wp:attachment":[{"href":"https:\/\/www.huilerie-artois.fr\/index.php\/wp-json\/wp\/v2\/media?parent=32"}],"curies":[{"name":"wp","href":"https:\/\/api.w.org\/{rel}","templated":true}]}}